{"id":2,"date":"2020-12-10T11:33:56","date_gmt":"2020-12-10T11:33:56","guid":{"rendered":"https:\/\/loteriaselgafe.com\/gl\/?page_id=2"},"modified":"2024-12-11T09:55:39","modified_gmt":"2024-12-11T08:55:39","slug":"pagina-ejemplo","status":"publish","type":"page","link":"https:\/\/loteriaselgafe.com\/gl\/","title":{"rendered":"Inicio"},"content":{"rendered":"<p><br \/>\n<\/p>\n<div class=\"portada-historia\">\n<div>\n<h2>Historias de mala sorte<\/h2>\n<p>A historia da administraci\u00f3n de loter\u00eda n\u00famero 12 de Lugo comeza un martes 13. Unha orde do Ministerio de Econom\u00eda e Facenda de data 5 de decembro de 1997, nomea a Alfredo Seijas, xefe da Administraci\u00f3n situada no ent\u00f3n Centro Comercial Continente de Lugo.<\/p>\n<p>\t\t<a href=\"historia\">Leer m\u00e1is<\/a>\n\t<\/div>\n<div class=\"portada-montaje\">\n<div><img decoding=\"async\" src=\"https:\/\/loteriaselgafe.com\/gl\/wp-content\/uploads\/2020\/12\/espejo-roto.png\" alt=\"Espejo roto\"><\/div>\n<div>\n<p>O seu secreto para conquistar o azar? Tentalo sempre cun sorriso e moito sentido do humor. Iso xa \u00e9 ter moita sorte.<\/p>\n<p>\t\t\t<img decoding=\"async\" src=\"https:\/\/loteriaselgafe.com\/gl\/wp-content\/uploads\/2020\/12\/sello-elgafe.png\" alt=\"Loter\u00edas El Gafe\">\n\t\t<\/div>\n<div><img decoding=\"async\" src=\"https:\/\/loteriaselgafe.com\/gl\/wp-content\/uploads\/2020\/12\/gato-negro.png\" alt=\"Gato negro\"><\/div>\n<div>\n<p>Historias de mala sorte<\/p>\n<\/p><\/div>\n<\/p><\/div>\n<\/div>\n<div class=\"resultados\" id=\"resultados\">\n<h2>Resultados<\/h2>\n<div>\n\t\t<a href=\"https:\/\/www.loteriasyapuestas.es\/es\/resultados\/loteria-nacional\" target=\"_blank\" rel=\"noopener\"><img decoding=\"async\" src=\"https:\/\/loteriaselgafe.com\/gl\/wp-content\/uploads\/2020\/12\/Loteria-Nacional.png\" alt=\"Loter\u00eda Nacional\"><\/a><br \/>\n\t\t<a href=\"https:\/\/www.loteriasyapuestas.es\/es\/resultados\/quiniela\" target=\"_blank\" rel=\"noopener\"><img decoding=\"async\" src=\"https:\/\/loteriaselgafe.com\/gl\/wp-content\/uploads\/2020\/12\/La-quiniela.png\" alt=\"La Quiniela\"><\/a><br \/>\n\t\t<a href=\"https:\/\/www.loteriasyapuestas.es\/es\/resultados\/primitiva\" target=\"_blank\" rel=\"noopener\"><img decoding=\"async\" src=\"https:\/\/loteriaselgafe.com\/gl\/wp-content\/uploads\/2020\/12\/La-primitiva.png\" alt=\"La Primitiva\"><\/a><br \/>\n\t\t<a href=\"https:\/\/www.loteriasyapuestas.es\/es\/resultados\/bonoloto\" target=\"_blank\" rel=\"noopener\"><img decoding=\"async\" src=\"https:\/\/loteriaselgafe.com\/gl\/wp-content\/uploads\/2020\/12\/Bonoloto.png\" alt=\"Bonoloto\"><\/a><br \/>\n\t\t<a href=\"https:\/\/www.loteriasyapuestas.es\/es\/resultados\/euromillones\" target=\"_blank\" rel=\"noopener\"><img decoding=\"async\" src=\"https:\/\/loteriaselgafe.com\/gl\/wp-content\/uploads\/2020\/12\/Euro-millones.png\" alt=\"Euro Millones\"><\/a><br \/>\n\t\t<a href=\"https:\/\/www.loteriasyapuestas.es\/es\/resultados\/gordo-primitiva\" target=\"_blank\" rel=\"noopener\"><img decoding=\"async\" src=\"https:\/\/loteriaselgafe.com\/gl\/wp-content\/uploads\/2020\/12\/El-gordo.png\" alt=\"El Gordo de la Primitiva\"><\/a><br \/>\n\t\t<a href=\"https:\/\/www.loteriasyapuestas.es\/es\/resultados\/lototurf\" target=\"_blank\" rel=\"noopener\"><img decoding=\"async\" src=\"https:\/\/loteriaselgafe.com\/gl\/wp-content\/uploads\/2020\/12\/Lototurf.png\" alt=\"Lototurf\"><\/a><br \/>\n\t\t<a href=\"https:\/\/www.loteriasyapuestas.es\/es\/resultados\/quinigol\" target=\"_blank\" rel=\"noopener\"><img decoding=\"async\" src=\"https:\/\/loteriaselgafe.com\/gl\/wp-content\/uploads\/2020\/12\/Quinigol.png\" alt=\"Quinigol\"><\/a><br \/>\n\t\t<a href=\"https:\/\/www.loteriasyapuestas.es\/es\/resultados\/quintuple-plus\" target=\"_blank\" rel=\"noopener\"><img decoding=\"async\" src=\"https:\/\/loteriaselgafe.com\/gl\/wp-content\/uploads\/2020\/12\/Quintuple.png\" alt=\"Qu\u00edntuple Plus\"><\/a>\n\t<\/div>\n<\/div>\n<div class=\"portada-footer\" id=\"contacto\">\n<h2>Contacto<\/h2>\n<div class=\"footer-contacto\">\n<div>\n<div>\n\t\t\t\t<iframe src=\"https:\/\/www.google.com\/maps\/embed?pb=!1m14!1m8!1m3!1d11669.855161673066!2d-7.5489733!3d43.0106242!3m2!1i1024!2i768!4f13.1!3m3!1m2!1s0x0%3A0x25352afcb8296dc1!2sLoterias%20El%20Gafe!5e0!3m2!1sen!2ses!4v1607947957062!5m2!1sen!2ses\" allowfullscreen=\"\" aria-hidden=\"false\" tabindex=\"0\"><\/iframe>\n\t\t\t<\/div>\n<\/p><\/div>\n<div class=\"footer-info\">\n<div>\n<div>\n<p><img decoding=\"async\" src=\"https:\/\/loteriaselgafe.com\/gl\/wp-content\/uploads\/2020\/12\/icono-instagram.png\" alt=\"Instagram\"> <a href=\"https:\/\/www.instagram.com\/loteriaselgafe\/\" target=\"_blank\" rel=\"noopener\">@loteriaselgafe<\/a><\/p>\n<p><img decoding=\"async\" src=\"https:\/\/loteriaselgafe.com\/gl\/wp-content\/uploads\/2020\/12\/icono-facebook.png\" alt=\"Facebook\"> <a href=\"https:\/\/www.facebook.com\/loteriaselgafe\/\" target=\"_blank\" rel=\"noopener\">@loteriaselgafe<\/a><\/p>\n<\/p><\/div>\n<div>\n<p><img decoding=\"async\" src=\"https:\/\/loteriaselgafe.com\/gl\/wp-content\/uploads\/2020\/12\/icono-lugar.png\" alt=\"Lugar\"> <a href=\"https:\/\/goo.gl\/maps\/rHnNmiGY4BRwSyELA\" target=\"_blank\" rel=\"noopener\">Ronda das Fonti\u00f1as, 86-88 \u00b7 27002 Lugo<\/a><\/p>\n<p><img decoding=\"async\" src=\"https:\/\/loteriaselgafe.com\/gl\/wp-content\/uploads\/2020\/12\/icono-phone.png\" alt=\"Tel\u00e9fono\"> <a href=\"tel:+34982203159\">982 203 159<\/a><\/p>\n<p><img decoding=\"async\" src=\"https:\/\/loteriaselgafe.com\/gl\/wp-content\/uploads\/2020\/12\/icono-mail.png\" alt=\"Mail\"> <a href=\"mailto:elgafe@loteriaselgafe.com\">elgafe@loteriaselgafe.com<\/a><\/p>\n<\/p><\/div>\n<\/div>\n<div>\n\t\t\t\t\n<div class=\"wpcf7 no-js\" id=\"wpcf7-f71-o1\" lang=\"es-ES\" dir=\"ltr\" data-wpcf7-id=\"71\">\n<div class=\"screen-reader-response\"><p role=\"status\" aria-live=\"polite\" aria-atomic=\"true\"><\/p> <ul><\/ul><\/div>\n<form action=\"\/gl\/wp-json\/wp\/v2\/pages\/2#wpcf7-f71-o1\" method=\"post\" class=\"wpcf7-form init\" aria-label=\"Formulario de contacto\" novalidate=\"novalidate\" data-status=\"init\">\n<fieldset class=\"hidden-fields-container\"><input type=\"hidden\" name=\"_wpcf7\" value=\"71\" \/><input type=\"hidden\" name=\"_wpcf7_version\" value=\"6.1.4\" \/><input type=\"hidden\" name=\"_wpcf7_locale\" value=\"es_ES\" \/><input type=\"hidden\" name=\"_wpcf7_unit_tag\" value=\"wpcf7-f71-o1\" \/><input type=\"hidden\" name=\"_wpcf7_container_post\" value=\"0\" \/><input type=\"hidden\" name=\"_wpcf7_posted_data_hash\" value=\"\" \/><input type=\"hidden\" name=\"_wpcf7_recaptcha_response\" value=\"\" \/>\n<\/fieldset>\n<p><label> Nome e apelidos<br \/>\n<span class=\"wpcf7-form-control-wrap\" data-name=\"nombre\"><input size=\"40\" maxlength=\"400\" class=\"wpcf7-form-control wpcf7-text wpcf7-validates-as-required\" aria-required=\"true\" aria-invalid=\"false\" value=\"\" type=\"text\" name=\"nombre\" \/><\/span> <\/label>\n<\/p>\n<p><label> Email<br \/>\n<span class=\"wpcf7-form-control-wrap\" data-name=\"email\"><input size=\"40\" maxlength=\"400\" class=\"wpcf7-form-control wpcf7-email wpcf7-validates-as-required wpcf7-text wpcf7-validates-as-email\" aria-required=\"true\" aria-invalid=\"false\" value=\"\" type=\"email\" name=\"email\" \/><\/span> <\/label>\n<\/p>\n<p><label> Tel\u00e9fono<br \/>\n<span class=\"wpcf7-form-control-wrap\" data-name=\"telefono\"><input size=\"40\" maxlength=\"400\" class=\"wpcf7-form-control wpcf7-tel wpcf7-validates-as-required wpcf7-text wpcf7-validates-as-tel\" aria-required=\"true\" aria-invalid=\"false\" value=\"\" type=\"tel\" name=\"telefono\" \/><\/span> <\/label>\n<\/p>\n<p><label> Mensaxe<br \/>\n<span class=\"wpcf7-form-control-wrap\" data-name=\"mensaje\"><textarea cols=\"40\" rows=\"10\" maxlength=\"2000\" class=\"wpcf7-form-control wpcf7-textarea\" aria-invalid=\"false\" name=\"mensaje\"><\/textarea><\/span> <\/label>\n<\/p>\n<p><input class=\"wpcf7-form-control wpcf7-submit has-spinner\" type=\"submit\" value=\"Enviar\" \/>\n<\/p><div class=\"wpcf7-response-output\" aria-hidden=\"true\"><\/div>\n<\/form>\n<\/div>\n\n\t\t\t<\/div>\n<\/p><\/div>\n<\/p><\/div>\n<div>\n<img decoding=\"async\" src=\"https:\/\/loteriaselgafe.com\/gl\/wp-content\/uploads\/2020\/12\/loterias-estado.png\" alt=\"Loter\u00edas y Apuestas del Estado\">\n<\/div>\n<\/div>\n","protected":false},"excerpt":{"rendered":"<p>Historias de mala sorte A historia da administraci\u00f3n de loter\u00eda n\u00famero 12 de Lugo comeza un martes 13. Unha orde do Ministerio de Econom\u00eda e Facenda de data 5 de decembro de 1997, nomea a Alfredo Seijas, xefe da Administraci\u00f3n situada no ent\u00f3n Centro Comercial Continente de Lugo. Leer m\u00e1is O seu secreto para conquistar <a href=\"https:\/\/loteriaselgafe.com\/gl\/\" class=\"more-link\">&#8230;<span class=\"screen-reader-text\">  Inicio<\/span><\/a><\/p>\n","protected":false},"author":1,"featured_media":0,"parent":0,"menu_order":0,"comment_status":"closed","ping_status":"closed","template":"","meta":{"footnotes":""},"class_list":["post-2","page","type-page","status-publish","hentry"],"_links":{"self":[{"href":"https:\/\/loteriaselgafe.com\/gl\/wp-json\/wp\/v2\/pages\/2","targetHints":{"allow":["GET"]}}],"collection":[{"href":"https:\/\/loteriaselgafe.com\/gl\/wp-json\/wp\/v2\/pages"}],"about":[{"href":"https:\/\/loteriaselgafe.com\/gl\/wp-json\/wp\/v2\/types\/page"}],"author":[{"embeddable":true,"href":"https:\/\/loteriaselgafe.com\/gl\/wp-json\/wp\/v2\/users\/1"}],"replies":[{"embeddable":true,"href":"https:\/\/loteriaselgafe.com\/gl\/wp-json\/wp\/v2\/comments?post=2"}],"version-history":[{"count":35,"href":"https:\/\/loteriaselgafe.com\/gl\/wp-json\/wp\/v2\/pages\/2\/revisions"}],"predecessor-version":[{"id":276,"href":"https:\/\/loteriaselgafe.com\/gl\/wp-json\/wp\/v2\/pages\/2\/revisions\/276"}],"wp:attachment":[{"href":"https:\/\/loteriaselgafe.com\/gl\/wp-json\/wp\/v2\/media?parent=2"}],"curies":[{"name":"wp","href":"https:\/\/api.w.org\/{rel}","templated":true}]}}