{"id":78,"date":"2020-12-14T16:20:24","date_gmt":"2020-12-14T15:20:24","guid":{"rendered":"https:\/\/loteriaselgafe.com\/es\/?page_id=78"},"modified":"2021-04-09T11:49:00","modified_gmt":"2021-04-09T09:49:00","slug":"historia","status":"publish","type":"page","link":"https:\/\/loteriaselgafe.com\/es\/historia\/","title":{"rendered":"Historia"},"content":{"rendered":"<div class=\"historia\">\n<h2>Historia del Gafe<\/h2>\n<p><img decoding=\"async\" src=\"https:\/\/loteriaselgafe.com\/es\/wp-content\/uploads\/2021\/04\/mala-suerte.png\" alt=\"Mala suerte\"><\/p>\n<div>\n<p>La historia de la administraci\u00f3n de loter\u00edas n\u00ba 12 de Lugo comienza un martes 13. Una orden del Ministerio de Econom\u00eda y Hacienda del 5 de diciembre de 1997, nombraba a Alfredo Seijas, titular de la Administraci\u00f3n situada en el entonces Centro Comercial Continente de Lugo.<\/p>\n<p>En alg\u00fan momento de aquel fr\u00edo y lejano diciembre un gato negro se debi\u00f3 cruzar en el camino de Alfredo, porque no ser\u00e1 hasta el 5 de junio del siguiente a\u00f1o en el que por fin tomar\u00e1 posesi\u00f3n del cargo de administrador de loter\u00edas por parte del delegado provincial de Econom\u00eda y Hacienda de Lugo.<\/p>\n<p>Ese d\u00eda se levant\u00f3 plet\u00f3rico y su \u00e1nimo no decay\u00f3 ni siquiera despu\u00e9s de que el salero se derramase accidentalmente sobre su tostada de pan con aceite y la vieja alcayata del ba\u00f1o cediese estrellando contra el suelo el espejo frente al que se afeitaba cada ma\u00f1ana. Tampoco le dio mal fario comprobar que hab\u00edan comenzado unas obras debajo de su casa y deb\u00eda pasar por debajo de una escalera para llegar a la calle. Al contrario, algo en su interior le dec\u00eda que aquel d\u00eda empezaba un camino lleno de fortuna y prosperidad. Mientras caminaba hacia la administraci\u00f3n de loter\u00edas pens\u00f3 \u201csi el delegado provincial es calvo, seguro que me traer\u00e1 buena suerte\u201d. El delegado luc\u00eda una cabellera envidiable.<\/p>\n<p>Pese a la ilusi\u00f3n del lotero, los premios importantes se hac\u00edan de rogar y Alfredo comenz\u00f3 a impacientarse. \u00a1Quer\u00eda romper el gafe de una vez! L\u00e1stima que cuando por fin entreg\u00f3 el 1\u00ba premio de la loter\u00eda nacional fuera 20 de diciembre, dos d\u00edas antes de la Loter\u00eda de Navidad, y no se enterase nadie.<\/p>\n<p>Cientos de clientes, amigos, premios, e ilusiones despu\u00e9s, en el a\u00f1o 2015, la administraci\u00f3n se traslad\u00f3 a su actual sede, en el  n\u00ba86-88 de la Ronda das Fonti\u00f1as.<\/p>\n<p>Muchas cosas han cambiado en estos a\u00f1os, pero lo que se ha mantenido intacto es el esp\u00edritu emprendedor y optimista de El Gafe. Forma parte de su identidad. \u00bfSu secreto para conquistar el azar? Tentarlo siempre con una sonrisa y mucho sentido del humor. Eso ya es tener mucha suerte.<\/p>\n<\/div>\n<\/div>\n","protected":false},"excerpt":{"rendered":"<p>Historia del Gafe La historia de la administraci\u00f3n de loter\u00edas n\u00ba 12 de Lugo comienza un martes 13. Una orden del Ministerio de Econom\u00eda y Hacienda del 5 de diciembre de 1997, nombraba a Alfredo Seijas, titular de la Administraci\u00f3n situada en el entonces Centro Comercial Continente de Lugo. En alg\u00fan momento de aquel fr\u00edo <a href=\"https:\/\/loteriaselgafe.com\/es\/historia\/\" class=\"more-link\">&#8230;<span class=\"screen-reader-text\">  Historia<\/span><\/a><\/p>\n","protected":false},"author":1,"featured_media":0,"parent":0,"menu_order":0,"comment_status":"closed","ping_status":"closed","template":"","meta":{"footnotes":""},"class_list":["post-78","page","type-page","status-publish","hentry"],"rttpg_featured_image_url":null,"rttpg_author":{"display_name":"Aleo","author_link":"https:\/\/loteriaselgafe.com\/es\/author\/aleo\/"},"rttpg_comment":0,"rttpg_category":null,"rttpg_excerpt":"Historia del Gafe La historia de la administraci\u00f3n de loter\u00edas n\u00ba 12 de Lugo comienza un martes 13. Una orden del Ministerio de Econom\u00eda y Hacienda del 5 de diciembre de 1997, nombraba a Alfredo Seijas, titular de la Administraci\u00f3n situada en el entonces Centro Comercial Continente de Lugo. En alg\u00fan momento de aquel fr\u00edo&hellip;","_links":{"self":[{"href":"https:\/\/loteriaselgafe.com\/es\/wp-json\/wp\/v2\/pages\/78","targetHints":{"allow":["GET"]}}],"collection":[{"href":"https:\/\/loteriaselgafe.com\/es\/wp-json\/wp\/v2\/pages"}],"about":[{"href":"https:\/\/loteriaselgafe.com\/es\/wp-json\/wp\/v2\/types\/page"}],"author":[{"embeddable":true,"href":"https:\/\/loteriaselgafe.com\/es\/wp-json\/wp\/v2\/users\/1"}],"replies":[{"embeddable":true,"href":"https:\/\/loteriaselgafe.com\/es\/wp-json\/wp\/v2\/comments?post=78"}],"version-history":[{"count":22,"href":"https:\/\/loteriaselgafe.com\/es\/wp-json\/wp\/v2\/pages\/78\/revisions"}],"predecessor-version":[{"id":266,"href":"https:\/\/loteriaselgafe.com\/es\/wp-json\/wp\/v2\/pages\/78\/revisions\/266"}],"wp:attachment":[{"href":"https:\/\/loteriaselgafe.com\/es\/wp-json\/wp\/v2\/media?parent=78"}],"curies":[{"name":"wp","href":"https:\/\/api.w.org\/{rel}","templated":true}]}}