{"id":2,"date":"2020-12-10T11:33:56","date_gmt":"2020-12-10T11:33:56","guid":{"rendered":"https:\/\/loteriaselgafe.com\/es\/?page_id=2"},"modified":"2024-12-11T09:52:28","modified_gmt":"2024-12-11T08:52:28","slug":"pagina-ejemplo","status":"publish","type":"page","link":"https:\/\/loteriaselgafe.com\/es\/","title":{"rendered":"Inicio"},"content":{"rendered":"<p><br \/>\n <\/p>\n<div class=\"portada-historia\">\n<div>\n<h2>Historias de mala suerte<\/h2>\n<p>La historia de la administraci\u00f3n de loter\u00edas n\u00ba 12 de Lugo comienza un martes 13. Una orden del Ministerio de Econom\u00eda y Hacienda del 5 de diciembre de 1997, nombraba a Alfredo Seijas, titular de la Administraci\u00f3n situada en el entonces Centro Comercial Continente de Lugo.<\/p>\n<p>\t\t<a href=\"historia\">Leer m\u00e1s<\/a>\n\t<\/div>\n<div class=\"portada-montaje\">\n<div><img decoding=\"async\" src=\"https:\/\/loteriaselgafe.com\/es\/wp-content\/uploads\/2020\/12\/espejo-roto.png\" alt=\"Espejo roto\"><\/div>\n<div>\n<p>\u00bfSu secreto para conquistar el azar? Tentarlo siempre con una sonrisa y mucho sentido del humor. Eso ya es tener mucha suerte.<\/p>\n<p>\t\t\t<img decoding=\"async\" src=\"https:\/\/loteriaselgafe.com\/es\/wp-content\/uploads\/2020\/12\/sello-elgafe.png\" alt=\"Loter\u00edas El Gafe\">\n\t\t<\/div>\n<div><img decoding=\"async\" src=\"https:\/\/loteriaselgafe.com\/es\/wp-content\/uploads\/2020\/12\/gato-negro.png\" alt=\"Gato negro\"><\/div>\n<div>\n<p>Historias de mala suerte<\/p>\n<\/p><\/div>\n<\/p><\/div>\n<\/div>\n<div class=\"resultados\" id=\"resultados\">\n<h2>Resultados<\/h2>\n<div>\n\t\t<a href=\"https:\/\/www.loteriasyapuestas.es\/es\/resultados\/loteria-nacional\" target=\"_blank\" rel=\"noopener\"><img decoding=\"async\" src=\"https:\/\/loteriaselgafe.com\/es\/wp-content\/uploads\/2020\/12\/Loteria-Nacional.png\" alt=\"Loter\u00eda Nacional\"><\/a><br \/>\n\t\t<a href=\"https:\/\/www.loteriasyapuestas.es\/es\/resultados\/quiniela\" target=\"_blank\" rel=\"noopener\"><img decoding=\"async\" src=\"https:\/\/loteriaselgafe.com\/es\/wp-content\/uploads\/2020\/12\/La-quiniela.png\" alt=\"La Quiniela\"><\/a><br \/>\n\t\t<a href=\"https:\/\/www.loteriasyapuestas.es\/es\/resultados\/primitiva\" target=\"_blank\" rel=\"noopener\"><img decoding=\"async\" src=\"https:\/\/loteriaselgafe.com\/es\/wp-content\/uploads\/2020\/12\/La-primitiva.png\" alt=\"La Primitiva\"><\/a><br \/>\n\t\t<a href=\"https:\/\/www.loteriasyapuestas.es\/es\/resultados\/bonoloto\" target=\"_blank\" rel=\"noopener\"><img decoding=\"async\" src=\"https:\/\/loteriaselgafe.com\/es\/wp-content\/uploads\/2020\/12\/Bonoloto.png\" alt=\"Bonoloto\"><\/a><br \/>\n\t\t<a href=\"https:\/\/www.loteriasyapuestas.es\/es\/resultados\/euromillones\" target=\"_blank\" rel=\"noopener\"><img decoding=\"async\" src=\"https:\/\/loteriaselgafe.com\/es\/wp-content\/uploads\/2020\/12\/Euro-millones.png\" alt=\"Euro Millones\"><\/a><br \/>\n\t\t<a href=\"https:\/\/www.loteriasyapuestas.es\/es\/resultados\/gordo-primitiva\" target=\"_blank\" rel=\"noopener\"><img decoding=\"async\" src=\"https:\/\/loteriaselgafe.com\/es\/wp-content\/uploads\/2020\/12\/El-gordo.png\" alt=\"El Gordo de la Primitiva\"><\/a><br \/>\n\t\t<a href=\"https:\/\/www.loteriasyapuestas.es\/es\/resultados\/lototurf\" target=\"_blank\" rel=\"noopener\"><img decoding=\"async\" src=\"https:\/\/loteriaselgafe.com\/es\/wp-content\/uploads\/2020\/12\/Lototurf.png\" alt=\"Lototurf\"><\/a><br \/>\n\t\t<a href=\"https:\/\/www.loteriasyapuestas.es\/es\/resultados\/quinigol\" target=\"_blank\" rel=\"noopener\"><img decoding=\"async\" src=\"https:\/\/loteriaselgafe.com\/es\/wp-content\/uploads\/2020\/12\/Quinigol.png\" alt=\"Quinigol\"><\/a><br \/>\n\t\t<a href=\"https:\/\/www.loteriasyapuestas.es\/es\/resultados\/quintuple-plus\" target=\"_blank\" rel=\"noopener\"><img decoding=\"async\" src=\"https:\/\/loteriaselgafe.com\/es\/wp-content\/uploads\/2020\/12\/Quintuple.png\" alt=\"Qu\u00edntuple Plus\"><\/a>\n\t<\/div>\n<\/div>\n<div class=\"portada-post-container\">\n<h2>Blog<\/h2>\n<style type='text\/css' media='all'>#rt-tpg-container-1379939298 .rt-holder .rt-woo-info .price{color:#f4f3f0;}body .rt-tpg-container .rt-tpg-isotope-buttons .selected,\n\t\t\t\t\t#rt-tpg-container-1379939298 .layout12 .rt-holder:hover .rt-detail,\n\t\t\t\t\t#rt-tpg-container-1379939298 .isotope8 .rt-holder:hover .rt-detail,\n\t\t\t\t\t#rt-tpg-container-1379939298 .carousel8 .rt-holder:hover .rt-detail,\n\t\t\t\t\t#rt-tpg-container-1379939298 .layout13 .rt-holder .overlay .post-info,\n\t\t\t\t\t#rt-tpg-container-1379939298 .isotope9 .rt-holder .overlay .post-info,\n\t\t\t\t\t#rt-tpg-container-1379939298.rt-tpg-container .layout4 .rt-holder .rt-detail,\n\t\t\t\t\t.rt-modal-1379939298 .md-content,\n\t\t\t\t\t.rt-modal-1379939298 .md-content > .rt-md-content-holder .rt-md-content,\n\t\t\t\t\t.rt-popup-wrap-1379939298.rt-popup-wrap .rt-popup-navigation-wrap,\n\t\t\t\t\t#rt-tpg-container-1379939298 .carousel9 .rt-holder .overlay .post-info{background-color:#f4f3f0;}#rt-tpg-container-1379939298 .layout5 .rt-holder .overlay, #rt-tpg-container-1379939298 .isotope2 .rt-holder .overlay, #rt-tpg-container-1379939298 .carousel2 .rt-holder .overlay,#rt-tpg-container-1379939298 .layout15 .rt-holder h3, #rt-tpg-container-1379939298 .isotope11 .rt-holder h3, #rt-tpg-container-1379939298 .carousel11 .rt-holder h3, #rt-tpg-container-1379939298 .layout16 .rt-holder h3,\n\t\t\t\t\t#rt-tpg-container-1379939298 .isotope12 .rt-holder h3, #rt-tpg-container-1379939298 .carousel12 .rt-holder h3 {background-color:rgba(244,243,240,0.8);}#rt-tpg-container-1379939298 .pagination-list li a,\n\t\t\t\t\trt-tpg-container-1379939298 .pagination-list li span,\n\t\t\t\t\trt-tpg-container-1379939298 .pagination li a,\n\t\t\t\t\t#rt-tpg-container-1379939298 .rt-tpg-isotope-buttons button,\n\t\t\t\t\t#rt-tpg-container-1379939298 .rt-tpg-utility .rt-tpg-load-more button,\n\t\t\t\t\t#rt-tpg-container-1379939298.rt-tpg-container .swiper-navigation .slider-btn,\n\t\t\t\t\t#rt-tpg-container-1379939298.rt-tpg-container .swiper-pagination-bullet,\n\t\t\t\t\t#rt-tpg-container-1379939298 .wc1 .rt-holder .rt-img-holder .overlay .product-more ul li a,\n\t\t\t\t\t#rt-tpg-container-1379939298 .wc2 .rt-detail .rt-wc-add-to-cart,\n\t\t\t\t\t#rt-tpg-container-1379939298 .wc3 .rt-detail .rt-wc-add-to-cart,\n\t\t\t\t\t#rt-tpg-container-1379939298 .wc4 .rt-detail .rt-wc-add-to-cart,\n\t\t\t\t\t#rt-tpg-container-1379939298 .wc-carousel2 .rt-detail .rt-wc-add-to-cart,\n\t\t\t\t\t#rt-tpg-container-1379939298 .wc-isotope2 .rt-detail .rt-wc-add-to-cart,\n\t\t\t\t\t#rt-tpg-container-1379939298 .rt-layout-filter-container .rt-filter-wrap .rt-filter-item-wrap.rt-filter-dropdown-wrap .rt-filter-dropdown,\n\t\t\t\t\t#rt-tpg-container-1379939298 .rt-layout-filter-container .rt-filter-sub-tax.sub-button-group .rt-filter-button-item,\n\t\t\t\t\t#rt-tpg-container-1379939298.rt-tpg-container .rt-pagination-wrap .rt-page-numbers .paginationjs .paginationjs-pages ul li>a,\n\t\t\t\t\t#rt-tpg-container-1379939298 .rt-filter-item-wrap.rt-filter-button-wrap span.rt-filter-button-item,\n\t\t\t\t\t#rt-tpg-container-1379939298.rt-tpg-container .rt-pagination-wrap  .rt-loadmore-btn,\n\t\t\t\t\t#rt-tpg-container-1379939298.rt-tpg-container .rt-pagination-wrap .rt-cb-page-prev-next > *,\n\t\t\t\t\t#rt-tpg-container-1379939298 .rt-read-more,\n\t\t\t\t\t#rt-tooltip-1379939298, #rt-tooltip-1379939298 .rt-tooltip-bottom:after{background-color:#f4c200;}#rt-tpg-container-1379939298 .rt-filter-item-wrap.rt-filter-button-wrap span.rt-filter-button-item,\n\t\t\t\t\t#rt-tpg-container-1379939298 .rt-layout-filter-container .rt-filter-sub-tax.sub-button-group .rt-filter-button-item{border-color:#f4c200;}#rt-tpg-container-1379939298.rt-tpg-container .layout17 .rt-holder .overlay a.tpg-zoom .fa{color:#f4c200;}#rt-tpg-container-1379939298 .rt-holder .read-more a {background-color:#f4c200;padding: 8px 15px;}#rt-tpg-container-1379939298 .pagination li.active span,\n\t\t\t\t\t#rt-tpg-container-1379939298 .pagination-list li.active span,\n\t\t\t\t\t#rt-tpg-container-1379939298 .rt-tpg-isotope-buttons button.selected,\n\t\t\t\t\t#rt-tpg-container-1379939298 .rt-filter-item-wrap.rt-filter-button-wrap span.rt-filter-button-item.selected,\n\t\t\t\t\t#rt-tpg-container-1379939298 .rt-layout-filter-container .rt-filter-sub-tax.sub-button-group .rt-filter-button-item.selected,\n\t\t\t\t\t#rt-tpg-container-1379939298.rt-tpg-container .rt-pagination-wrap .rt-page-numbers .paginationjs .paginationjs-pages ul li.active>a,\n\t\t\t\t\t#rt-tpg-container-1379939298.rt-tpg-container .swiper-pagination-bullet.swiper-pagination-bullet-active-main{background-color:#f4c200;}#rt-tpg-container-1379939298 .rt-filter-item-wrap.rt-filter-button-wrap span.rt-filter-button-item.selected,\n\t\t\t\t\t#rt-tpg-container-1379939298 .rt-layout-filter-container .rt-filter-sub-tax.sub-button-group .rt-filter-button-item.selected,\n\t\t\t\t\t#rt-tpg-container-1379939298.rt-tpg-container .rt-pagination-wrap .rt-page-numbers .paginationjs .paginationjs-pages ul li.active>a{border-color:#f4c200;}#rt-tpg-container-1379939298 .pagination-list li a:hover,\n\t\t\t\t\t#rt-tpg-container-1379939298 .pagination li a:hover,\n\t\t\t\t\t#rt-tpg-container-1379939298 .rt-tpg-isotope-buttons button:hover,\n\t\t\t\t\t#rt-tpg-container-1379939298 .rt-holder .read-more a:hover,\n\t\t\t\t\t#rt-tpg-container-1379939298 .rt-tpg-utility .rt-tpg-load-more button:hover,\n\t\t\t\t\t#rt-tpg-container-1379939298.rt-tpg-container .swiper-pagination-bullet:hover,\n\t\t\t\t\t#rt-tpg-container-1379939298.rt-tpg-container .swiper-navigation .slider-btn:hover,\n\t\t\t\t\t#rt-tpg-container-1379939298 .wc1 .rt-holder .rt-img-holder .overlay .product-more ul li a:hover,\n\t\t\t\t\t#rt-tpg-container-1379939298 .wc2 .rt-detail .rt-wc-add-to-cart:hover,\n\t\t\t\t\t#rt-tpg-container-1379939298 .wc3 .rt-detail .rt-wc-add-to-cart:hover,\n\t\t\t\t\t#rt-tpg-container-1379939298 .wc4 .rt-detail .rt-wc-add-to-cart:hover,\n\t\t\t\t\t#rt-tpg-container-1379939298 .wc-carousel2 .rt-detail .rt-wc-add-to-cart:hover,\n\t\t\t\t\t#rt-tpg-container-1379939298 .wc-isotope2 .rt-detail .rt-wc-add-to-cart:hover,\n\t\t\t\t\t#rt-tpg-container-1379939298 .rt-layout-filter-container .rt-filter-wrap .rt-filter-item-wrap.rt-filter-dropdown-wrap .rt-filter-dropdown .rt-filter-dropdown-item:hover,\n\t\t\t\t\t#rt-tpg-container-1379939298 .rt-layout-filter-container .rt-filter-wrap .rt-filter-item-wrap.rt-filter-dropdown-wrap .rt-filter-dropdown .rt-filter-dropdown-item.selected,\n\t\t\t\t\t#rt-tpg-container-1379939298 .rt-filter-item-wrap.rt-filter-button-wrap span.rt-filter-button-item:hover,\n\t\t\t\t\t#rt-tpg-container-1379939298 .rt-layout-filter-container .rt-filter-sub-tax.sub-button-group .rt-filter-button-item:hover,\n\t\t\t\t\t#rt-tpg-container-1379939298.rt-tpg-container .rt-pagination-wrap .rt-page-numbers .paginationjs .paginationjs-pages ul li>a:hover,\n\t\t\t\t\t#rt-tpg-container-1379939298.rt-tpg-container .rt-pagination-wrap .rt-cb-page-prev-next > *:hover,\n\t\t\t\t\t#rt-tpg-container-1379939298.rt-tpg-container .rt-pagination-wrap  .rt-loadmore-btn:hover,\n\t\t\t\t\t#rt-tpg-container-1379939298 .rt-read-more:hover,\n\t\t\t\t\t#rt-tpg-container-1379939298 .rt-tpg-utility .rt-tpg-load-more button:hover{background-color:#f4c200;}#rt-tpg-container-1379939298 .rt-filter-item-wrap.rt-filter-button-wrap span.rt-filter-button-item:hover,\n\t\t\t\t\t\t#rt-tpg-container-1379939298 .rt-layout-filter-container .rt-filter-sub-tax.sub-button-group .rt-filter-button-item:hover,\n\t\t\t\t\t\t#rt-tpg-container-1379939298.rt-tpg-container .swiper-navigation .slider-btn:hover,\n\t\t\t\t\t\t#rt-tpg-container-1379939298.rt-tpg-container .rt-pagination-wrap .rt-page-numbers .paginationjs .paginationjs-pages ul li>a:hover{border-color:#f4c200;}#rt-tpg-container-1379939298.rt-tpg-container .layout17 .rt-holder .overlay a.tpg-zoom:hover .fa{color:#f4c200;}#rt-tpg-container-1379939298 .read-more a{border-radius:px;}#rt-tpg-container-1379939298 .rt-img-holder img.rt-img-responsive,#rt-tpg-container-1379939298 .rt-img-holder,\n\t\t\t\t\t#rt-tpg-container-1379939298 .rt-post-overlay .post-img,\n\t\t\t\t\t#rt-tpg-container-1379939298 .post-sm .post-img,\n\t\t\t\t\t#rt-tpg-container-1379939298 .rt-post-grid .post-img,\n\t\t\t\t\t#rt-tpg-container-1379939298 .post-img img {border-radius:px;}<\/style><div class='rt-container-fluid rt-tpg-container tpg-shortcode-main-wrapper portada-post' id='rt-tpg-container-1379939298'   data-layout='layout1' data-grid-style='even' data-desktop-col='3'  data-tab-col='2'  data-mobile-col='1' data-sc-id='55'><div data-title='Cargando...' class='rt-row rt-content-loader   layout1 tpg-even '><div class=\"rt-col-md-4 rt-col-sm-6 rt-col-xs-12 even-grid-item rt-grid-item\" data-id=\"303\"><div class=\"rt-holder\"><div class=\"rt-img-holder\"><a data-id=\"303\" class=\"\" href=\"https:\/\/loteriaselgafe.com\/es\/por-que-comprar-la-loteria-de-navidad-en-verano-es-una-buena-idea\/\"><img loading=\"lazy\" decoding=\"async\" width=\"300\" height=\"200\" src=\"https:\/\/loteriaselgafe.com\/es\/wp-content\/uploads\/2025\/07\/gafe-navidad-verano-300x200.jpg\" class=\"rt-img-responsive \" alt=\"\" \/><\/a><\/div><div class='rt-detail'><h3 class=\"entry-title\"><a data-id=\"303\" class=\"\" href=\"https:\/\/loteriaselgafe.com\/es\/por-que-comprar-la-loteria-de-navidad-en-verano-es-una-buena-idea\/\">\u00bfPor qu\u00e9 comprar la Loter\u00eda de Navidad en verano es una buena idea?<\/a><\/h3><div class='post-meta-user  '><span class='date'><i class='far fa-calendar-alt '><\/i>3 de julio de 2025<\/span><\/div><div class='tpg-excerpt'>Aunque en pleno verano lo \u00faltimo que uno piensa es en el fr\u00edo de diciembre, los villancicos o el turr\u00f3n, cada vez m\u00e1s personas eligen comprar su Loter\u00eda de Navidad durante los meses estivales. Puede parecer extra\u00f1o al principio, pero lo cierto es que hacerlo en verano tiene varias ventajas pr\u00e1cticas y estrat\u00e9gicas. Aqu\u00ed te <a href=\"https:\/\/loteriaselgafe.com\/es\/por-que-comprar-la-loteria-de-navidad-en-verano-es-una-buena-idea\/\">...  \u00bfPor qu\u00e9 comprar la Loter\u00eda de Navidad en verano es una buena idea?<\/a><\/div><div class='post-meta '><span class='read-more'><a data-id='303' class='' href='https:\/\/loteriaselgafe.com\/es\/por-que-comprar-la-loteria-de-navidad-en-verano-es-una-buena-idea\/'>Leer m\u00e1s<\/a><\/span><\/div><\/div><\/div><\/div><div class=\"rt-col-md-4 rt-col-sm-6 rt-col-xs-12 even-grid-item rt-grid-item\" data-id=\"280\"><div class=\"rt-holder\"><div class=\"rt-img-holder\"><a data-id=\"280\" class=\"\" href=\"https:\/\/loteriaselgafe.com\/es\/loterias-el-gafe-se-rie-del-destino-y-da-dos-premios-de-navidad\/\"><img loading=\"lazy\" decoding=\"async\" width=\"300\" height=\"200\" src=\"https:\/\/loteriaselgafe.com\/es\/wp-content\/uploads\/2024\/04\/navidad-bolas-gafe-300x200.jpg\" class=\"rt-img-responsive \" alt=\"\" \/><\/a><\/div><div class='rt-detail'><h3 class=\"entry-title\"><a data-id=\"280\" class=\"\" href=\"https:\/\/loteriaselgafe.com\/es\/loterias-el-gafe-se-rie-del-destino-y-da-dos-premios-de-navidad\/\">\u00a1Loter\u00edas El Gafe se r\u00ede del destino y da dos premios de Navidad!<\/a><\/h3><div class='post-meta-user  '><span class='date'><i class='far fa-calendar-alt '><\/i>17 de abril de 2024<\/span><\/div><div class='tpg-excerpt'>Eran las 11 de la ma\u00f1ana del 22 de diciembre de 2023, y desde el Teatro Real de Madrid, estaba a punto de desencadenarse una historia que har\u00eda feliz a m\u00e1s de uno. Alfredo, el inquebrantable \u00abgafe\u00bb al mando de la Administraci\u00f3n de Loter\u00edas n\u00ba 12 de Lugo, conocida por todos como Loter\u00edas El Gafe, <a href=\"https:\/\/loteriaselgafe.com\/es\/loterias-el-gafe-se-rie-del-destino-y-da-dos-premios-de-navidad\/\">...  \u00a1Loter\u00edas El Gafe se r\u00ede del destino y da dos premios de Navidad!<\/a><\/div><div class='post-meta '><span class='read-more'><a data-id='280' class='' href='https:\/\/loteriaselgafe.com\/es\/loterias-el-gafe-se-rie-del-destino-y-da-dos-premios-de-navidad\/'>Leer m\u00e1s<\/a><\/span><\/div><\/div><\/div><\/div><div class=\"rt-col-md-4 rt-col-sm-6 rt-col-xs-12 even-grid-item rt-grid-item\" data-id=\"251\"><div class=\"rt-holder\"><div class=\"rt-img-holder\"><a data-id=\"251\" class=\"\" href=\"https:\/\/loteriaselgafe.com\/es\/historias-de-gafes-superarlos-es-complicado\/\"><img loading=\"lazy\" decoding=\"async\" width=\"300\" height=\"200\" src=\"https:\/\/loteriaselgafe.com\/es\/wp-content\/uploads\/2021\/04\/gafe-300x200.jpg\" class=\"rt-img-responsive \" alt=\"\" \/><\/a><\/div><div class='rt-detail'><h3 class=\"entry-title\"><a data-id=\"251\" class=\"\" href=\"https:\/\/loteriaselgafe.com\/es\/historias-de-gafes-superarlos-es-complicado\/\">Historias de gafes, superarlos es complicado<\/a><\/h3><div class='post-meta-user  '><span class='date'><i class='far fa-calendar-alt '><\/i>8 de abril de 2021<\/span><\/div><div class='tpg-excerpt'>No te preocupes si crees que t\u00fa eres un Gafe de manual porque en las primitivas te quedaste a un n\u00famero de tener cuatro aciertos, o al cl\u00e1sico navide\u00f1o de \u201cten\u00eda el gordo en la mano y lo dej\u00e9 porque no me gustaba la terminaci\u00f3n\u201d, pasando por el conocid\u00edsimo \u201c\u00a1deber\u00edan premiar a los que no <a href=\"https:\/\/loteriaselgafe.com\/es\/historias-de-gafes-superarlos-es-complicado\/\">...  Historias de gafes, superarlos es complicado<\/a><\/div><div class='post-meta '><span class='read-more'><a data-id='251' class='' href='https:\/\/loteriaselgafe.com\/es\/historias-de-gafes-superarlos-es-complicado\/'>Leer m\u00e1s<\/a><\/span><\/div><\/div><\/div><\/div><\/div><div class='rt-pagination-wrap' data-total-pages='2' data-posts-per-page='3' data-type='pagination'  ><div class=\"rt-pagination\" ><ul class=\"pagination-list\"><li class=\"active\"><span>1<\/span><\/li><li><a data-paged='2' href='https:\/\/loteriaselgafe.com\/es\/wp-json\/wp\/v2\/pages\/2\/page\/2\/'>2<\/a><\/li><\/ul><\/div><\/div><\/div><\/div>\n<div class=\"portada-footer\" id=\"contacto\">\n<h2>Contacto<\/h2>\n<div class=\"footer-contacto\">\n<div>\n<div>\n\t\t\t\t<iframe src=\"https:\/\/www.google.com\/maps\/embed?pb=!1m14!1m8!1m3!1d11669.855161673066!2d-7.5489733!3d43.0106242!3m2!1i1024!2i768!4f13.1!3m3!1m2!1s0x0%3A0x25352afcb8296dc1!2sLoterias%20El%20Gafe!5e0!3m2!1sen!2ses!4v1607947957062!5m2!1sen!2ses\" allowfullscreen=\"\" aria-hidden=\"false\" tabindex=\"0\"><\/iframe>\n\t\t\t<\/div>\n<\/p><\/div>\n<div class=\"footer-info\">\n<div>\n<div>\n<p><img decoding=\"async\" src=\"https:\/\/loteriaselgafe.com\/es\/wp-content\/uploads\/2020\/12\/icono-instagram.png\" alt=\"Instagram\"> <a href=\"https:\/\/www.instagram.com\/loteriaselgafe\/\" target=\"_blank\" rel=\"noopener\">@loteriaselgafe<\/a><\/p>\n<p><img decoding=\"async\" src=\"https:\/\/loteriaselgafe.com\/es\/wp-content\/uploads\/2020\/12\/icono-facebook.png\" alt=\"Facebook\"> <a href=\"https:\/\/www.facebook.com\/loteriaselgafe\/\" target=\"_blank\" rel=\"noopener\">@loteriaselgafe<\/a><\/p>\n<\/p><\/div>\n<div>\n<p><img decoding=\"async\" src=\"https:\/\/loteriaselgafe.com\/es\/wp-content\/uploads\/2020\/12\/icono-lugar.png\" alt=\"Lugar\"> <a href=\"https:\/\/goo.gl\/maps\/rHnNmiGY4BRwSyELA\" target=\"_blank\" rel=\"noopener\">Ronda das Fonti\u00f1as, 86-88 \u00b7 27002 Lugo<\/a><\/p>\n<p><img decoding=\"async\" src=\"https:\/\/loteriaselgafe.com\/es\/wp-content\/uploads\/2020\/12\/icono-phone.png\" alt=\"Tel\u00e9fono\"> <a href=\"tel:+34982203159\">982 203 159<\/a><\/p>\n<p><img decoding=\"async\" src=\"https:\/\/loteriaselgafe.com\/es\/wp-content\/uploads\/2020\/12\/icono-mail.png\" alt=\"Mail\"> <a href=\"mailto:elgafe@loteriaselgafe.com\">elgafe@loteriaselgafe.com<\/a><\/p>\n<\/p><\/div>\n<\/div>\n<div>\n\t\t\t\t\n<div class=\"wpcf7 no-js\" id=\"wpcf7-f71-o1\" lang=\"es-ES\" dir=\"ltr\" data-wpcf7-id=\"71\">\n<div class=\"screen-reader-response\"><p role=\"status\" aria-live=\"polite\" aria-atomic=\"true\"><\/p> <ul><\/ul><\/div>\n<form action=\"\/es\/wp-json\/wp\/v2\/pages\/2#wpcf7-f71-o1\" method=\"post\" class=\"wpcf7-form init\" aria-label=\"Formulario de contacto\" novalidate=\"novalidate\" data-status=\"init\">\n<fieldset class=\"hidden-fields-container\"><input type=\"hidden\" name=\"_wpcf7\" value=\"71\" \/><input type=\"hidden\" name=\"_wpcf7_version\" value=\"6.1.4\" \/><input type=\"hidden\" name=\"_wpcf7_locale\" value=\"es_ES\" \/><input type=\"hidden\" name=\"_wpcf7_unit_tag\" value=\"wpcf7-f71-o1\" \/><input type=\"hidden\" name=\"_wpcf7_container_post\" value=\"0\" \/><input type=\"hidden\" name=\"_wpcf7_posted_data_hash\" value=\"\" \/><input type=\"hidden\" name=\"_wpcf7_recaptcha_response\" value=\"\" \/>\n<\/fieldset>\n<p><label> Nombre y apellidos<br \/>\n<span class=\"wpcf7-form-control-wrap\" data-name=\"nombre\"><input size=\"40\" maxlength=\"400\" class=\"wpcf7-form-control wpcf7-text wpcf7-validates-as-required\" aria-required=\"true\" aria-invalid=\"false\" value=\"\" type=\"text\" name=\"nombre\" \/><\/span> <\/label>\n<\/p>\n<p><label> Email<br \/>\n<span class=\"wpcf7-form-control-wrap\" data-name=\"email\"><input size=\"40\" maxlength=\"400\" class=\"wpcf7-form-control wpcf7-email wpcf7-validates-as-required wpcf7-text wpcf7-validates-as-email\" aria-required=\"true\" aria-invalid=\"false\" value=\"\" type=\"email\" name=\"email\" \/><\/span> <\/label>\n<\/p>\n<p><label> Tel\u00e9fono<br \/>\n<span class=\"wpcf7-form-control-wrap\" data-name=\"telefono\"><input size=\"40\" maxlength=\"400\" class=\"wpcf7-form-control wpcf7-tel wpcf7-validates-as-required wpcf7-text wpcf7-validates-as-tel\" aria-required=\"true\" aria-invalid=\"false\" value=\"\" type=\"tel\" name=\"telefono\" \/><\/span> <\/label>\n<\/p>\n<p><label> Mensaje<br \/>\n<span class=\"wpcf7-form-control-wrap\" data-name=\"mensaje\"><textarea cols=\"40\" rows=\"10\" maxlength=\"2000\" class=\"wpcf7-form-control wpcf7-textarea\" aria-invalid=\"false\" name=\"mensaje\"><\/textarea><\/span> <\/label>\n<\/p>\n<p><input class=\"wpcf7-form-control wpcf7-submit has-spinner\" type=\"submit\" value=\"Enviar\" \/>\n<\/p><div class=\"wpcf7-response-output\" aria-hidden=\"true\"><\/div>\n<\/form>\n<\/div>\n\n\t\t\t<\/div>\n<\/p><\/div>\n<\/p><\/div>\n<div>\n<img decoding=\"async\" src=\"https:\/\/loteriaselgafe.com\/es\/wp-content\/uploads\/2020\/12\/loterias-estado.png\" alt=\"Loter\u00edas y Apuestas del Estado\">\n<\/div>\n<\/div>\n","protected":false},"excerpt":{"rendered":"<p>Historias de mala suerte La historia de la administraci\u00f3n de loter\u00edas n\u00ba 12 de Lugo comienza un martes 13. Una orden del Ministerio de Econom\u00eda y Hacienda del 5 de diciembre de 1997, nombraba a Alfredo Seijas, titular de la Administraci\u00f3n situada en el entonces Centro Comercial Continente de Lugo. Leer m\u00e1s \u00bfSu secreto para <a href=\"https:\/\/loteriaselgafe.com\/es\/historias-de-gafes-superarlos-es-complicado\/\" class=\"more-link\">&#8230;<span class=\"screen-reader-text\">  Historias de gafes, superarlos es complicado<\/span><\/a><\/p>\n","protected":false},"author":1,"featured_media":0,"parent":0,"menu_order":0,"comment_status":"closed","ping_status":"closed","template":"","meta":{"footnotes":""},"class_list":["post-2","page","type-page","status-publish","hentry"],"rttpg_featured_image_url":null,"rttpg_author":{"display_name":"Aleo","author_link":"https:\/\/loteriaselgafe.com\/es\/author\/aleo\/"},"rttpg_comment":0,"rttpg_category":"","rttpg_excerpt":"Historias de mala suerte La historia de la administraci\u00f3n de loter\u00edas n\u00ba 12 de Lugo comienza un martes 13. Una orden del Ministerio de Econom\u00eda y Hacienda del 5 de diciembre de 1997, nombraba a Alfredo Seijas, titular de la Administraci\u00f3n situada en el entonces Centro Comercial Continente de Lugo. Leer m\u00e1s \u00bfSu secreto para&hellip;","_links":{"self":[{"href":"https:\/\/loteriaselgafe.com\/es\/wp-json\/wp\/v2\/pages\/2","targetHints":{"allow":["GET"]}}],"collection":[{"href":"https:\/\/loteriaselgafe.com\/es\/wp-json\/wp\/v2\/pages"}],"about":[{"href":"https:\/\/loteriaselgafe.com\/es\/wp-json\/wp\/v2\/types\/page"}],"author":[{"embeddable":true,"href":"https:\/\/loteriaselgafe.com\/es\/wp-json\/wp\/v2\/users\/1"}],"replies":[{"embeddable":true,"href":"https:\/\/loteriaselgafe.com\/es\/wp-json\/wp\/v2\/comments?post=2"}],"version-history":[{"count":34,"href":"https:\/\/loteriaselgafe.com\/es\/wp-json\/wp\/v2\/pages\/2\/revisions"}],"predecessor-version":[{"id":299,"href":"https:\/\/loteriaselgafe.com\/es\/wp-json\/wp\/v2\/pages\/2\/revisions\/299"}],"wp:attachment":[{"href":"https:\/\/loteriaselgafe.com\/es\/wp-json\/wp\/v2\/media?parent=2"}],"curies":[{"name":"wp","href":"https:\/\/api.w.org\/{rel}","templated":true}]}}