{"id":146,"date":"2020-12-23T09:06:07","date_gmt":"2020-12-23T08:06:07","guid":{"rendered":"https:\/\/loteriaselgafe.com\/es\/?page_id=146"},"modified":"2020-12-23T11:38:01","modified_gmt":"2020-12-23T10:38:01","slug":"juega-loteria","status":"publish","type":"page","link":"https:\/\/loteriaselgafe.com\/es\/juega-loteria\/","title":{"rendered":"Juega a la loter\u00eda"},"content":{"rendered":"<div class=\"pagina-resultados\">\n<h2>Juega a la loter\u00eda<\/h2>\n<h3>Si ya est\u00e1s registrado en Loter\u00edas y Apuestas del Estado elige tu juego<\/h3>\n<ul>\n<li><a href=\"https:\/\/juegos.loteriasyapuestas.es\/jugar\/cas\/configuracion\/club_conmigo_online\/49970\/LNAC\" target=\"_blank\" rel=\"noopener\"><img decoding=\"async\" src=\"https:\/\/loteriaselgafe.com\/es\/wp-content\/uploads\/2020\/12\/Loteria-Nacional.png\" alt=\"Loter\u00eda Nacional\"><\/a><\/li>\n<li><a href=\"https:\/\/juegos.loteriasyapuestas.es\/jugar\/cas\/configuracion\/club_conmigo_online\/49970\/LAQU\" target=\"_blank\" rel=\"noopener\"><img decoding=\"async\" src=\"https:\/\/loteriaselgafe.com\/es\/wp-content\/uploads\/2020\/12\/La-quiniela.png\" alt=\"La Quiniela\"><\/a><\/li>\n<li><a href=\"https:\/\/juegos.loteriasyapuestas.es\/jugar\/cas\/configuracion\/club_conmigo_online\/49970\/LAPR\" target=\"_blank\" rel=\"noopener\"><img decoding=\"async\" src=\"https:\/\/loteriaselgafe.com\/es\/wp-content\/uploads\/2020\/12\/La-primitiva.png\" alt=\"La Primitiva\"><\/a><\/li>\n<li><a href=\"https:\/\/juegos.loteriasyapuestas.es\/jugar\/cas\/configuracion\/club_conmigo_online\/49970\/BONO\" target=\"_blank\" rel=\"noopener\"><img decoding=\"async\" src=\"https:\/\/loteriaselgafe.com\/es\/wp-content\/uploads\/2020\/12\/Bonoloto.png\" alt=\"Bonoloto\"><\/a><\/li>\n<li><a href=\"https:\/\/juegos.loteriasyapuestas.es\/jugar\/cas\/configuracion\/club_conmigo_online\/49970\/EMIL\" target=\"_blank\" rel=\"noopener\"><img decoding=\"async\" src=\"https:\/\/loteriaselgafe.com\/es\/wp-content\/uploads\/2020\/12\/Euro-millones.png\" alt=\"Euro Millones\"><\/a><\/li>\n<li><a href=\"https:\/\/juegos.loteriasyapuestas.es\/jugar\/cas\/configuracion\/club_conmigo_online\/49970\/ELGR\" target=\"_blank\" rel=\"noopener\"><img decoding=\"async\" src=\"https:\/\/loteriaselgafe.com\/es\/wp-content\/uploads\/2020\/12\/El-gordo.png\" alt=\"El Gordo de la Primitiva\"><\/a><\/li>\n<li><a href=\"https:\/\/juegos.loteriasyapuestas.es\/jugar\/cas\/configuracion\/club_conmigo_online\/49970\/LOTU\" target=\"_blank\" rel=\"noopener\"><img decoding=\"async\" src=\"https:\/\/loteriaselgafe.com\/es\/wp-content\/uploads\/2020\/12\/Lototurf.png\" alt=\"Lototurf\"><\/a><\/li>\n<li><a href=\"https:\/\/juegos.loteriasyapuestas.es\/jugar\/cas\/configuracion\/club_conmigo_online\/49970\/QGOL\" target=\"_blank\" rel=\"noopener\"><img decoding=\"async\" src=\"https:\/\/loteriaselgafe.com\/es\/wp-content\/uploads\/2020\/12\/Quinigol.png\" alt=\"Quinigol\"><\/a><\/li>\n<li><a href=\"https:\/\/juegos.loteriasyapuestas.es\/jugar\/cas\/configuracion\/club_conmigo_online\/49970\/QUPL\" target=\"_blank\" rel=\"noopener\"><img decoding=\"async\" src=\"https:\/\/loteriaselgafe.com\/es\/wp-content\/uploads\/2020\/12\/Quintuple.png\" alt=\"Qu\u00edntuple Plus\"><\/a><\/li>\n<\/ul>\n<h3>Si no est\u00e1s registrado en Loter\u00edas y Apuestas del Estado<\/h3>\n<p style=\"text-align:center\"><a href=\"https:\/\/juegos.loteriasyapuestas.es\/jugar\/registro\/verificacion\/49970\" target=\"_blank\" rel=\"noopener\">Reg\u00edstrate aqu\u00ed<\/a><\/p>\n<\/div>\n","protected":false},"excerpt":{"rendered":"<p>Juega a la loter\u00eda Si ya est\u00e1s registrado en Loter\u00edas y Apuestas del Estado elige tu juego Si no est\u00e1s registrado en Loter\u00edas y Apuestas del Estado Reg\u00edstrate aqu\u00ed<\/p>\n","protected":false},"author":1,"featured_media":0,"parent":0,"menu_order":0,"comment_status":"closed","ping_status":"closed","template":"","meta":{"footnotes":""},"class_list":["post-146","page","type-page","status-publish","hentry"],"rttpg_featured_image_url":null,"rttpg_author":{"display_name":"Aleo","author_link":"https:\/\/loteriaselgafe.com\/es\/author\/aleo\/"},"rttpg_comment":0,"rttpg_category":null,"rttpg_excerpt":"Juega a la loter\u00eda Si ya est\u00e1s registrado en Loter\u00edas y Apuestas del Estado elige tu juego Si no est\u00e1s registrado en Loter\u00edas y Apuestas del Estado Reg\u00edstrate aqu\u00ed","_links":{"self":[{"href":"https:\/\/loteriaselgafe.com\/es\/wp-json\/wp\/v2\/pages\/146","targetHints":{"allow":["GET"]}}],"collection":[{"href":"https:\/\/loteriaselgafe.com\/es\/wp-json\/wp\/v2\/pages"}],"about":[{"href":"https:\/\/loteriaselgafe.com\/es\/wp-json\/wp\/v2\/types\/page"}],"author":[{"embeddable":true,"href":"https:\/\/loteriaselgafe.com\/es\/wp-json\/wp\/v2\/users\/1"}],"replies":[{"embeddable":true,"href":"https:\/\/loteriaselgafe.com\/es\/wp-json\/wp\/v2\/comments?post=146"}],"version-history":[{"count":4,"href":"https:\/\/loteriaselgafe.com\/es\/wp-json\/wp\/v2\/pages\/146\/revisions"}],"predecessor-version":[{"id":152,"href":"https:\/\/loteriaselgafe.com\/es\/wp-json\/wp\/v2\/pages\/146\/revisions\/152"}],"wp:attachment":[{"href":"https:\/\/loteriaselgafe.com\/es\/wp-json\/wp\/v2\/media?parent=146"}],"curies":[{"name":"wp","href":"https:\/\/api.w.org\/{rel}","templated":true}]}}